{"id":361,"date":"2015-04-06T15:23:09","date_gmt":"2015-04-06T15:23:09","guid":{"rendered":"http:\/\/www.happykids.co.at\/site\/?page_id=361"},"modified":"2015-04-06T15:23:13","modified_gmt":"2015-04-06T15:23:13","slug":"zusatzangebote","status":"publish","type":"page","link":"https:\/\/www.happykids.co.at\/site\/zusatzangebote\/","title":{"rendered":"Zusatzangebote"},"content":{"rendered":"<h4><em>Es gibt f\u00fcr Ihre Kinder auch die M\u00f6glichkeit, im Anschluss an die Betreuungszeit in der Kindergruppe an Zusatzangeboten teilzunehmen. So findet etwa ein Musikunterricht (z.B. Klavier) statt, sowie ein Kurs f\u00fcr Malen und Modellieren (in Ton, Wachs oder Plastilin).<\/em><\/h4>\n<h4><em>Diese Kurse sind auch f\u00fcr andere Kinder zug\u00e4nglich.<\/em><\/h4>\n","protected":false},"excerpt":{"rendered":"<p>Es gibt f\u00fcr Ihre Kinder auch die M\u00f6glichkeit, im Anschluss an die Betreuungszeit in der Kindergruppe an Zusatzangeboten teilzunehmen. So findet etwa ein Musikunterricht (z.B. Klavier) statt, sowie ein Kurs f\u00fcr Malen und Modellieren (in Ton, Wachs oder Plastilin). Diese Kurse sind auch f\u00fcr andere Kinder zug\u00e4nglich.<\/p>\n","protected":false},"author":1,"featured_media":0,"parent":0,"menu_order":10,"comment_status":"closed","ping_status":"open","template":"","meta":{"ngg_post_thumbnail":0},"_links":{"self":[{"href":"https:\/\/www.happykids.co.at\/site\/wp-json\/wp\/v2\/pages\/361"}],"collection":[{"href":"https:\/\/www.happykids.co.at\/site\/wp-json\/wp\/v2\/pages"}],"about":[{"href":"https:\/\/www.happykids.co.at\/site\/wp-json\/wp\/v2\/types\/page"}],"author":[{"embeddable":true,"href":"https:\/\/www.happykids.co.at\/site\/wp-json\/wp\/v2\/users\/1"}],"replies":[{"embeddable":true,"href":"https:\/\/www.happykids.co.at\/site\/wp-json\/wp\/v2\/comments?post=361"}],"version-history":[{"count":2,"href":"https:\/\/www.happykids.co.at\/site\/wp-json\/wp\/v2\/pages\/361\/revisions"}],"predecessor-version":[{"id":363,"href":"https:\/\/www.happykids.co.at\/site\/wp-json\/wp\/v2\/pages\/361\/revisions\/363"}],"wp:attachment":[{"href":"https:\/\/www.happykids.co.at\/site\/wp-json\/wp\/v2\/media?parent=361"}],"curies":[{"name":"wp","href":"https:\/\/api.w.org\/{rel}","templated":true}]}}