{"id":333,"date":"2015-04-06T14:38:52","date_gmt":"2015-04-06T14:38:52","guid":{"rendered":"http:\/\/www.happykids.co.at\/site\/?page_id=333"},"modified":"2023-12-26T21:09:40","modified_gmt":"2023-12-26T20:09:40","slug":"qualitat-in-der-betreuung","status":"publish","type":"page","link":"https:\/\/www.happykids.co.at\/site\/qualitat-in-der-betreuung\/","title":{"rendered":"Qualit\u00e4t in der Betreuung"},"content":{"rendered":"<h4 style=\"text-align: left;\"><em>Es ist uns ein Anliegen, jedes Anliegen, jedes Kind pers\u00f6nlich wahrzunehmen und auf seine individuellen Bed\u00fcrfnisse einzugehen. Besonders wichtig ist uns dabei ein liebevoller Umgang mit den Kindern und der Kinder untereinander, wodurch gegenseitiges Vertrauen aufgebaut wird. So schaffen wir einen sicheren Rahmen, in dem wir zusammen lernen und wachsen k\u00f6nnen.<\/em><em>Ausserdem ist uns enge Zusammenarbeit mit den Eltern wichtig. So bieten wir Beratung f\u00fcr Eltern im Erkennen der Bed\u00fcrfnisse ihrer Kinder, um die Entwicklung der Kinder alterentsprechend zu f\u00f6rdern.<\/em><\/h4>\n<h4 style=\"text-align: left;\"><em>Schon ab dem Alter von 9 Monaten bieten wir betreuung f\u00fcr Ihre Kinder an.<\/em><\/h4>\n<h4><em>Unsere Betreuungszeiten sind von Montag bis Donnerstag zwischen 07:30 und 16:00 und Freitags von 7:30 bis 15:00.<\/em><\/h4>\n<h4><em>Nat\u00fcrlich gibt es f\u00fcr Ihre Kinder auch ein Fr\u00fchst\u00fcck, eine Jause und ein Mittagessen.<\/em><\/h4>\n<h4><em>Dabei legen wir wert auf eine gesunde, abwechslungsreiche vegetarische Ern\u00e4hrung, bei der Obst und Gem\u00fcse nicht zu kurz kommen.<\/em><\/h4>\n<h4><em>Das Fr\u00fchst\u00fcck und die Jause sind in Buffetform, das Mittagessen wird t\u00e4glich frisch gekocht.<\/em><\/h4>\n<h4><em>Wenn Sie uns kennenlernen m\u00f6chten, k\u00f6nnen Sie uns gerne kontaktieren und uns in der Felberstrasse besuchen.<\/em><\/h4>\n<h4>&nbsp;<\/h4>\n","protected":false},"excerpt":{"rendered":"<p>Es ist uns ein Anliegen, jedes Anliegen, jedes Kind pers\u00f6nlich wahrzunehmen und auf seine individuellen Bed\u00fcrfnisse einzugehen. Besonders wichtig ist uns dabei ein liebevoller Umgang mit den Kindern und der Kinder untereinander, wodurch gegenseitiges Vertrauen aufgebaut wird. So schaffen wir einen sicheren Rahmen, in dem wir zusammen lernen und wachsen k\u00f6nnen.Ausserdem ist uns enge Zusammenarbeit [&hellip;]<\/p>\n","protected":false},"author":1,"featured_media":0,"parent":0,"menu_order":0,"comment_status":"closed","ping_status":"open","template":"","meta":{"ngg_post_thumbnail":0},"_links":{"self":[{"href":"https:\/\/www.happykids.co.at\/site\/wp-json\/wp\/v2\/pages\/333"}],"collection":[{"href":"https:\/\/www.happykids.co.at\/site\/wp-json\/wp\/v2\/pages"}],"about":[{"href":"https:\/\/www.happykids.co.at\/site\/wp-json\/wp\/v2\/types\/page"}],"author":[{"embeddable":true,"href":"https:\/\/www.happykids.co.at\/site\/wp-json\/wp\/v2\/users\/1"}],"replies":[{"embeddable":true,"href":"https:\/\/www.happykids.co.at\/site\/wp-json\/wp\/v2\/comments?post=333"}],"version-history":[{"count":3,"href":"https:\/\/www.happykids.co.at\/site\/wp-json\/wp\/v2\/pages\/333\/revisions"}],"predecessor-version":[{"id":720,"href":"https:\/\/www.happykids.co.at\/site\/wp-json\/wp\/v2\/pages\/333\/revisions\/720"}],"wp:attachment":[{"href":"https:\/\/www.happykids.co.at\/site\/wp-json\/wp\/v2\/media?parent=333"}],"curies":[{"name":"wp","href":"https:\/\/api.w.org\/{rel}","templated":true}]}}