{"id":116,"date":"2013-06-04T17:39:14","date_gmt":"2013-06-04T17:39:14","guid":{"rendered":"http:\/\/www.happykids.co.at\/site\/?page_id=116"},"modified":"2019-05-15T11:10:27","modified_gmt":"2019-05-15T11:10:27","slug":"padagogisches-konzept","status":"publish","type":"page","link":"https:\/\/www.happykids.co.at\/site\/padagogisches-konzept\/","title":{"rendered":"P\u00e4dagogisches Konzept"},"content":{"rendered":"<h4><em>Die Bildungsarbeit in unserer Kindergruppe erfolgt nach dem Wiener Bildungsplan und den Grunds\u00e4tzen der Gewaltfreien Erziehung sowie den Grunds\u00e4tzen der Montessori P\u00e4dagogik.<\/em><\/h4>\n<h4><em>Das Ziel unserer Arbeit ist es, dass Kinder eine altersentsprechende Selbstst\u00e4ndigkeit erreichen und eine selbstbewusste Pers\u00f6nlichkeit entwickeln k\u00f6nnen.<\/em><\/h4>\n<h4><em>Durch die Begleitung der Kinder auf diesem Weg unterst\u00fctzen wir die Familien in Ihrer Erziehungsarbeit..<\/em><\/h4>\n","protected":false},"excerpt":{"rendered":"<p>Die Bildungsarbeit in unserer Kindergruppe erfolgt nach dem Wiener Bildungsplan und den Grunds\u00e4tzen der Gewaltfreien Erziehung sowie den Grunds\u00e4tzen der Montessori P\u00e4dagogik. Das Ziel unserer Arbeit ist es, dass Kinder eine altersentsprechende Selbstst\u00e4ndigkeit erreichen und eine selbstbewusste Pers\u00f6nlichkeit entwickeln k\u00f6nnen. Durch die Begleitung der Kinder auf diesem Weg unterst\u00fctzen wir die Familien in Ihrer Erziehungsarbeit..<\/p>\n","protected":false},"author":1,"featured_media":0,"parent":0,"menu_order":2,"comment_status":"closed","ping_status":"open","template":"","meta":{"ngg_post_thumbnail":0},"_links":{"self":[{"href":"https:\/\/www.happykids.co.at\/site\/wp-json\/wp\/v2\/pages\/116"}],"collection":[{"href":"https:\/\/www.happykids.co.at\/site\/wp-json\/wp\/v2\/pages"}],"about":[{"href":"https:\/\/www.happykids.co.at\/site\/wp-json\/wp\/v2\/types\/page"}],"author":[{"embeddable":true,"href":"https:\/\/www.happykids.co.at\/site\/wp-json\/wp\/v2\/users\/1"}],"replies":[{"embeddable":true,"href":"https:\/\/www.happykids.co.at\/site\/wp-json\/wp\/v2\/comments?post=116"}],"version-history":[{"count":16,"href":"https:\/\/www.happykids.co.at\/site\/wp-json\/wp\/v2\/pages\/116\/revisions"}],"predecessor-version":[{"id":473,"href":"https:\/\/www.happykids.co.at\/site\/wp-json\/wp\/v2\/pages\/116\/revisions\/473"}],"wp:attachment":[{"href":"https:\/\/www.happykids.co.at\/site\/wp-json\/wp\/v2\/media?parent=116"}],"curies":[{"name":"wp","href":"https:\/\/api.w.org\/{rel}","templated":true}]}}